{"id":51859,"date":"2022-02-21T15:23:53","date_gmt":"2022-02-21T15:23:53","guid":{"rendered":"http:\/\/wp.vergaplast.com\/?page_id=51859"},"modified":"2026-01-16T14:50:49","modified_gmt":"2026-01-16T13:50:49","slug":"hips","status":"publish","type":"page","link":"https:\/\/vergaplast.com\/fr\/hips\/","title":{"rendered":"HIPS"},"content":{"rendered":"<div data-elementor-type=\"wp-page\" data-elementor-id=\"51859\" class=\"elementor elementor-51859\" data-elementor-post-type=\"page\">\n\t\t\t\t\t\t<section class=\"elementor-section elementor-top-section elementor-element elementor-element-9a62ed7 elementor-section-boxed elementor-section-height-default elementor-section-height-default\" data-id=\"9a62ed7\" data-element_type=\"section\" data-e-type=\"section\">\n\t\t\t\t\t\t<div class=\"elementor-container elementor-column-gap-default\">\n\t\t\t\t\t<div class=\"elementor-column elementor-col-100 elementor-top-column elementor-element elementor-element-64b19b8\" data-id=\"64b19b8\" data-element_type=\"column\" data-e-type=\"column\">\n\t\t\t<div class=\"elementor-widget-wrap elementor-element-populated\">\n\t\t\t\t\t\t<div class=\"elementor-element elementor-element-6be6eec elementor-invisible elementor-widget elementor-widget-heading\" data-id=\"6be6eec\" data-element_type=\"widget\" data-e-type=\"widget\" data-settings=\"{&quot;_animation&quot;:&quot;slideInUp&quot;}\" data-widget_type=\"heading.default\">\n\t\t\t\t<div class=\"elementor-widget-container\">\n\t\t\t\t\t<h2 class=\"elementor-heading-title elementor-size-default\">hanches<\/h2>\t\t\t\t<\/div>\n\t\t\t\t<\/div>\n\t\t\t\t\t<\/div>\n\t\t<\/div>\n\t\t\t\t\t<\/div>\n\t\t<\/section>\n\t\t\t\t<section class=\"elementor-section elementor-top-section elementor-element elementor-element-87f70c3 elementor-section-boxed elementor-section-height-default elementor-section-height-default\" data-id=\"87f70c3\" data-element_type=\"section\" data-e-type=\"section\">\n\t\t\t\t\t\t<div class=\"elementor-container elementor-column-gap-default\">\n\t\t\t\t\t<div class=\"elementor-column elementor-col-100 elementor-top-column elementor-element elementor-element-116d1bf\" data-id=\"116d1bf\" data-element_type=\"column\" data-e-type=\"column\">\n\t\t\t<div class=\"elementor-widget-wrap elementor-element-populated\">\n\t\t\t\t\t\t<div class=\"elementor-element elementor-element-1a35f47 elementor-widget elementor-widget-image\" data-id=\"1a35f47\" data-element_type=\"widget\" data-e-type=\"widget\" data-widget_type=\"image.default\">\n\t\t\t\t<div class=\"elementor-widget-container\">\n\t\t\t\t\t\t\t\t\t\t\t\t\t\t\t<img decoding=\"async\" src=\"https:\/\/vergaplast.com\/wp-content\/uploads\/elementor\/thumbs\/hips-piyl10b7pus4o75yurhtqlg0oyetwx8dli6ucgyhm2.jpeg\" title=\"HIPS\" alt=\"Cette photo montre des feuilles de HIPS\" loading=\"lazy\" \/>\t\t\t\t\t\t\t\t\t\t\t\t\t\t\t<\/div>\n\t\t\t\t<\/div>\n\t\t\t\t\t<\/div>\n\t\t<\/div>\n\t\t\t\t\t<\/div>\n\t\t<\/section>\n\t\t\t\t<section class=\"elementor-section elementor-top-section elementor-element elementor-element-1a20ce3 elementor-section-boxed elementor-section-height-default elementor-section-height-default\" data-id=\"1a20ce3\" data-element_type=\"section\" data-e-type=\"section\">\n\t\t\t\t\t\t<div class=\"elementor-container elementor-column-gap-default\">\n\t\t\t\t\t<div class=\"elementor-column elementor-col-100 elementor-top-column elementor-element elementor-element-cc84f2d\" data-id=\"cc84f2d\" data-element_type=\"column\" data-e-type=\"column\">\n\t\t\t<div class=\"elementor-widget-wrap elementor-element-populated\">\n\t\t\t\t\t\t<div class=\"elementor-element elementor-element-75fee97 elementor-widget elementor-widget-text-editor\" data-id=\"75fee97\" data-element_type=\"widget\" data-e-type=\"widget\" data-widget_type=\"text-editor.default\">\n\t\t\t\t<div class=\"elementor-widget-container\">\n\t\t\t\t\t\t\t\t\t<p>Le HIPS est un mat\u00e9riau compact en polystyr\u00e8ne modifi\u00e9 par du caoutchouc, offrant une r\u00e9sistance sup\u00e9rieure aux chocs.<\/p><p>Il est disponible soit avec une couverture mate sur les deux faces, soit avec une couverture mate sur une face et brillante sur l'autre.<\/p>\t\t\t\t\t\t\t\t<\/div>\n\t\t\t\t<\/div>\n\t\t\t\t\t<\/div>\n\t\t<\/div>\n\t\t\t\t\t<\/div>\n\t\t<\/section>\n\t\t\t\t<\/div>","protected":false},"excerpt":{"rendered":"<p>Lavorazione HIPS per termoformatura sottovuoto: lastre in polistirene antiurto per carter, contenitori e componenti tecnici industriali. Soluzioni su misura Made in Italy VERGA-Plast.<\/p>","protected":false},"author":1,"featured_media":51721,"parent":0,"menu_order":0,"comment_status":"closed","ping_status":"closed","template":"","meta":{"_seopress_robots_primary_cat":"","_seopress_titles_title":"%%post_title%% %%sep%% %%sitetitle%%","_seopress_titles_desc":"Lavorazione HIPS per termoformatura sottovuoto: lastre in polistirene antiurto per carter, contenitori e componenti tecnici industriali. Soluzioni su misura Made in Italy VERGA-Plast.","_seopress_robots_index":"","footnotes":""},"class_list":["post-51859","page","type-page","status-publish","has-post-thumbnail","hentry"],"_links":{"self":[{"href":"https:\/\/vergaplast.com\/fr\/wp-json\/wp\/v2\/pages\/51859","targetHints":{"allow":["GET"]}}],"collection":[{"href":"https:\/\/vergaplast.com\/fr\/wp-json\/wp\/v2\/pages"}],"about":[{"href":"https:\/\/vergaplast.com\/fr\/wp-json\/wp\/v2\/types\/page"}],"author":[{"embeddable":true,"href":"https:\/\/vergaplast.com\/fr\/wp-json\/wp\/v2\/users\/1"}],"replies":[{"embeddable":true,"href":"https:\/\/vergaplast.com\/fr\/wp-json\/wp\/v2\/comments?post=51859"}],"version-history":[{"count":1,"href":"https:\/\/vergaplast.com\/fr\/wp-json\/wp\/v2\/pages\/51859\/revisions"}],"predecessor-version":[{"id":55373,"href":"https:\/\/vergaplast.com\/fr\/wp-json\/wp\/v2\/pages\/51859\/revisions\/55373"}],"wp:featuredmedia":[{"embeddable":true,"href":"https:\/\/vergaplast.com\/fr\/wp-json\/wp\/v2\/media\/51721"}],"wp:attachment":[{"href":"https:\/\/vergaplast.com\/fr\/wp-json\/wp\/v2\/media?parent=51859"}],"curies":[{"name":"wp","href":"https:\/\/api.w.org\/{rel}","templated":true}]}}